{"id":1445,"date":"2023-12-17T03:59:47","date_gmt":"2023-12-17T02:59:47","guid":{"rendered":"https:\/\/bracom.com\/baerekraft\/"},"modified":"2024-02-22T06:01:49","modified_gmt":"2024-02-22T05:01:49","slug":"nachhaltigkeit","status":"publish","type":"page","link":"https:\/\/bracom.com\/de\/nachhaltigkeit\/","title":{"rendered":"Nachhaltigkeit"},"content":{"rendered":"","protected":false},"excerpt":{"rendered":"","protected":false},"author":14,"featured_media":0,"parent":0,"menu_order":0,"comment_status":"closed","ping_status":"closed","template":"templates\/acf.php","meta":{"_acf_changed":false,"_crdt_document":"","footnotes":""},"class_list":["post-1445","page","type-page","status-publish","hentry"],"acf":[],"yoast_head":"<!-- This site is optimized with the Yoast SEO plugin v27.2 - https:\/\/yoast.com\/product\/yoast-seo-wordpress\/ -->\n<title>Nachhaltigkeit - BraCom<\/title>\n<meta name=\"description\" content=\"I BraCom jobber vi med b\u00e6rekraftige l\u00f8sninger hver eneste dag, i alle deler av arbeidet v\u00e5rt. Prosjektene v\u00e5re skal v\u00e6re milj\u00f8vennlige.\" \/>\n<meta name=\"robots\" content=\"index, follow, max-snippet:-1, max-image-preview:large, max-video-preview:-1\" \/>\n<link rel=\"canonical\" href=\"https:\/\/bracom.com\/de\/nachhaltigkeit\/\" \/>\n<meta property=\"og:locale\" content=\"de_DE\" \/>\n<meta property=\"og:type\" content=\"article\" \/>\n<meta property=\"og:title\" content=\"Nachhaltigkeit - BraCom\" \/>\n<meta property=\"og:description\" content=\"I BraCom jobber vi med b\u00e6rekraftige l\u00f8sninger hver eneste dag, i alle deler av arbeidet v\u00e5rt. Prosjektene v\u00e5re skal v\u00e6re milj\u00f8vennlige.\" \/>\n<meta property=\"og:url\" content=\"https:\/\/bracom.com\/de\/nachhaltigkeit\/\" \/>\n<meta property=\"og:site_name\" content=\"BraCom\" \/>\n<meta property=\"article:modified_time\" content=\"2024-02-22T05:01:49+00:00\" \/>\n<meta name=\"twitter:card\" content=\"summary_large_image\" \/>\n<script type=\"application\/ld+json\" class=\"yoast-schema-graph\">{\"@context\":\"https:\/\/schema.org\",\"@graph\":[{\"@type\":\"WebPage\",\"@id\":\"https:\/\/bracom.com\/de\/nachhaltigkeit\/\",\"url\":\"https:\/\/bracom.com\/de\/nachhaltigkeit\/\",\"name\":\"Nachhaltigkeit - BraCom\",\"isPartOf\":{\"@id\":\"https:\/\/bracom.com\/de\/#website\"},\"datePublished\":\"2023-12-17T02:59:47+00:00\",\"dateModified\":\"2024-02-22T05:01:49+00:00\",\"description\":\"I BraCom jobber vi med b\u00e6rekraftige l\u00f8sninger hver eneste dag, i alle deler av arbeidet v\u00e5rt. Prosjektene v\u00e5re skal v\u00e6re milj\u00f8vennlige.\",\"breadcrumb\":{\"@id\":\"https:\/\/bracom.com\/de\/nachhaltigkeit\/#breadcrumb\"},\"inLanguage\":\"de\",\"potentialAction\":[{\"@type\":\"ReadAction\",\"target\":[\"https:\/\/bracom.com\/de\/nachhaltigkeit\/\"]}]},{\"@type\":\"BreadcrumbList\",\"@id\":\"https:\/\/bracom.com\/de\/nachhaltigkeit\/#breadcrumb\",\"itemListElement\":[{\"@type\":\"ListItem\",\"position\":1,\"name\":\"Hjem\",\"item\":\"https:\/\/bracom.com\/de\/\"},{\"@type\":\"ListItem\",\"position\":2,\"name\":\"Nachhaltigkeit\"}]},{\"@type\":\"WebSite\",\"@id\":\"https:\/\/bracom.com\/de\/#website\",\"url\":\"https:\/\/bracom.com\/de\/\",\"name\":\"BraCom\",\"description\":\"Vi leverer fremtidens infrastruktur.\",\"potentialAction\":[{\"@type\":\"SearchAction\",\"target\":{\"@type\":\"EntryPoint\",\"urlTemplate\":\"https:\/\/bracom.com\/de\/?s={search_term_string}\"},\"query-input\":{\"@type\":\"PropertyValueSpecification\",\"valueRequired\":true,\"valueName\":\"search_term_string\"}}],\"inLanguage\":\"de\"}]}<\/script>\n<!-- \/ Yoast SEO plugin. -->","yoast_head_json":{"title":"Nachhaltigkeit - BraCom","description":"I BraCom jobber vi med b\u00e6rekraftige l\u00f8sninger hver eneste dag, i alle deler av arbeidet v\u00e5rt. Prosjektene v\u00e5re skal v\u00e6re milj\u00f8vennlige.","robots":{"index":"index","follow":"follow","max-snippet":"max-snippet:-1","max-image-preview":"max-image-preview:large","max-video-preview":"max-video-preview:-1"},"canonical":"https:\/\/bracom.com\/de\/nachhaltigkeit\/","og_locale":"de_DE","og_type":"article","og_title":"Nachhaltigkeit - BraCom","og_description":"I BraCom jobber vi med b\u00e6rekraftige l\u00f8sninger hver eneste dag, i alle deler av arbeidet v\u00e5rt. Prosjektene v\u00e5re skal v\u00e6re milj\u00f8vennlige.","og_url":"https:\/\/bracom.com\/de\/nachhaltigkeit\/","og_site_name":"BraCom","article_modified_time":"2024-02-22T05:01:49+00:00","twitter_card":"summary_large_image","schema":{"@context":"https:\/\/schema.org","@graph":[{"@type":"WebPage","@id":"https:\/\/bracom.com\/de\/nachhaltigkeit\/","url":"https:\/\/bracom.com\/de\/nachhaltigkeit\/","name":"Nachhaltigkeit - BraCom","isPartOf":{"@id":"https:\/\/bracom.com\/de\/#website"},"datePublished":"2023-12-17T02:59:47+00:00","dateModified":"2024-02-22T05:01:49+00:00","description":"I BraCom jobber vi med b\u00e6rekraftige l\u00f8sninger hver eneste dag, i alle deler av arbeidet v\u00e5rt. Prosjektene v\u00e5re skal v\u00e6re milj\u00f8vennlige.","breadcrumb":{"@id":"https:\/\/bracom.com\/de\/nachhaltigkeit\/#breadcrumb"},"inLanguage":"de","potentialAction":[{"@type":"ReadAction","target":["https:\/\/bracom.com\/de\/nachhaltigkeit\/"]}]},{"@type":"BreadcrumbList","@id":"https:\/\/bracom.com\/de\/nachhaltigkeit\/#breadcrumb","itemListElement":[{"@type":"ListItem","position":1,"name":"Hjem","item":"https:\/\/bracom.com\/de\/"},{"@type":"ListItem","position":2,"name":"Nachhaltigkeit"}]},{"@type":"WebSite","@id":"https:\/\/bracom.com\/de\/#website","url":"https:\/\/bracom.com\/de\/","name":"BraCom","description":"Vi leverer fremtidens infrastruktur.","potentialAction":[{"@type":"SearchAction","target":{"@type":"EntryPoint","urlTemplate":"https:\/\/bracom.com\/de\/?s={search_term_string}"},"query-input":{"@type":"PropertyValueSpecification","valueRequired":true,"valueName":"search_term_string"}}],"inLanguage":"de"}]}},"jetpack_shortlink":"https:\/\/wp.me\/Ph6Fxe-nj","_links":{"self":[{"href":"https:\/\/bracom.com\/de\/wp-json\/wp\/v2\/pages\/1445","targetHints":{"allow":["GET"]}}],"collection":[{"href":"https:\/\/bracom.com\/de\/wp-json\/wp\/v2\/pages"}],"about":[{"href":"https:\/\/bracom.com\/de\/wp-json\/wp\/v2\/types\/page"}],"author":[{"embeddable":true,"href":"https:\/\/bracom.com\/de\/wp-json\/wp\/v2\/users\/14"}],"replies":[{"embeddable":true,"href":"https:\/\/bracom.com\/de\/wp-json\/wp\/v2\/comments?post=1445"}],"version-history":[{"count":1,"href":"https:\/\/bracom.com\/de\/wp-json\/wp\/v2\/pages\/1445\/revisions"}],"predecessor-version":[{"id":1593,"href":"https:\/\/bracom.com\/de\/wp-json\/wp\/v2\/pages\/1445\/revisions\/1593"}],"wp:attachment":[{"href":"https:\/\/bracom.com\/de\/wp-json\/wp\/v2\/media?parent=1445"}],"curies":[{"name":"wp","href":"https:\/\/api.w.org\/{rel}","templated":true}]}}